{"id":1262,"date":"2017-11-27T17:00:50","date_gmt":"2017-11-27T17:00:50","guid":{"rendered":"http:\/\/pessoasaddles.com\/product\/pony-amo-jr\/"},"modified":"2018-05-09T17:45:32","modified_gmt":"2018-05-09T17:45:32","slug":"pony-amo-jr","status":"publish","type":"product","link":"https:\/\/pessoasaddles.com\/es\/producto\/pony-amo-jr\/","title":{"rendered":"Pony Amo Jr"},"content":{"rendered":"","protected":false},"excerpt":{"rendered":"<h2 align=\"justify\">Montura Pony Amo Jr<\/h2>\n<p align=\"justify\">Esta montura dise\u00f1ada para nuestros peque\u00f1os jinetes posee el<br \/>\ncaracter\u00edstico estilo cl\u00e1sico de la l\u00ednea Amo. Un dise\u00f1o tradicional\u00a0donde lo que se destaca es sus delicadas costuras perimetrales.<\/p>\n<p align=\"justify\"><img loading=\"lazy\" decoding=\"async\" class=\"size-full wp-image-1341 aligncenter\" src=\"https:\/\/linkway.me\/projects\/pessoa\/wp-content\/uploads\/2017\/11\/pencilkneeblock_ESP.png\" alt=\"\" width=\"148\" height=\"168\" \/><\/p>\n<h4 align=\"justify\">Tecnolog\u00eda<\/h4>\n<ul>\n<li><strong>Cuero<\/strong>: graneado pre-aceitado<\/li>\n<li><strong>Rodillera<\/strong>: triangular<\/li>\n<li><strong>Muslera<\/strong>: no tiene<\/li>\n<li><strong>Bastos<\/strong>: Sistema AMS<\/li>\n<li><strong>Ancho de armaz\u00f3n<\/strong>: XCH Medium<\/li>\n<li><strong>Medidas<\/strong>: 14\u201d,15\u201d, 153\/4\u201d<\/li>\n<\/ul>\n<p>&nbsp;<\/p>\n<p><img loading=\"lazy\" decoding=\"async\" class=\"size-medium wp-image-454 aligncenter\" src=\"https:\/\/linkway.me\/projects\/pessoa\/wp-content\/uploads\/2017\/09\/iconos-tecnicos-300x122.png\" alt=\"Pessoa Saddles\" width=\"300\" height=\"122\" \/><\/p>\n<p align=\"justify\"><a class=\"button  button_size_3 button_js\" href=\"https:\/\/www.storepegasus.com\/categoria-producto\/monturas\/monturas-pessoa\/\" target=\"_blank\"    ><span class=\"button_label\">Comprar ahora<\/span><\/a>\n<\/p>\n<p align=\"justify\">\n","protected":false},"featured_media":476,"template":"","meta":[],"class_list":{"0":"post-1262","1":"product","2":"type-product","3":"status-publish","4":"has-post-thumbnail","6":"product_cat-monturas","7":"product_tag-monturas","8":"product_tag-pessoa-es","10":"first","11":"outofstock","12":"shipping-taxable","13":"product-type-variable","14":"has-default-attributes"},"_links":{"self":[{"href":"https:\/\/pessoasaddles.com\/es\/wp-json\/wp\/v2\/product\/1262","targetHints":{"allow":["GET"]}}],"collection":[{"href":"https:\/\/pessoasaddles.com\/es\/wp-json\/wp\/v2\/product"}],"about":[{"href":"https:\/\/pessoasaddles.com\/es\/wp-json\/wp\/v2\/types\/product"}],"wp:featuredmedia":[{"embeddable":true,"href":"https:\/\/pessoasaddles.com\/es\/wp-json\/wp\/v2\/media\/476"}],"wp:attachment":[{"href":"https:\/\/pessoasaddles.com\/es\/wp-json\/wp\/v2\/media?parent=1262"}],"curies":[{"name":"wp","href":"https:\/\/api.w.org\/{rel}","templated":true}]}}