{"id":1227,"date":"2018-02-15T19:19:28","date_gmt":"2018-02-15T19:19:28","guid":{"rendered":"http:\/\/pessoasaddles.com\/product\/cabezadas-legacy-76043-76243\/"},"modified":"2018-06-08T16:29:40","modified_gmt":"2018-06-08T16:29:40","slug":"cabezadas-legacy-76043-76243","status":"publish","type":"product","link":"https:\/\/pessoasaddles.com\/es\/producto\/cabezadas-legacy-76043-76243\/","title":{"rendered":"Cabezadas"},"content":{"rendered":"","protected":false},"excerpt":{"rendered":"<h2 align=\"left\">Cabezadas Legacy<\/h2>\n<h4 align=\"left\">C\u00f3digo: 76043-76243<\/h4>\n<p align=\"justify\">La l\u00ednea de accesorios Pessoa est\u00e1 dise\u00f1ada para satisfacer las m\u00e1s altas\u00a0exigencias de la disciplina de Salto y Eventing. Cada detalle ha sido\u00a0cuidadosamente pensado para lograr un producto t\u00e9cnica\u00a0y est\u00e9ticamente perfecto.\u00a0Con atractivos dise\u00f1os que brindan comodidad,\u00a0su caballo podr\u00e1 dar su m\u00e1xima performance.\u00a0Son el complemento perfecto de las monturas Pessoa,\u00a0logrando un brillante desempe\u00f1o.<img loading=\"lazy\" decoding=\"async\" class=\"aligncenter wp-image-1299 size-full\" src=\"https:\/\/linkway.me\/projects\/pessoa\/wp-content\/uploads\/2018\/02\/bridlework_detalles.png\" alt=\"\" width=\"445\" height=\"191\" \/><\/p>\n<p align=\"justify\"><a class=\"button  button_size_3 button_js\" href=\"https:\/\/www.storepegasus.com\/categoria-producto\/accesorios\/cabezadas\/\" target=\"_blank\"    ><span class=\"button_label\">Comprar ahora<\/span><\/a>\n<\/p>\n<p align=\"justify\">\n","protected":false},"featured_media":876,"template":"","meta":[],"class_list":{"0":"post-1227","1":"product","2":"type-product","3":"status-publish","4":"has-post-thumbnail","6":"product_cat-accesorios","7":"product_cat-bridles-es","8":"product_tag-monturas","9":"product_tag-pessoa-es","11":"first","12":"outofstock","13":"shipping-taxable","14":"product-type-variable","15":"has-default-attributes"},"_links":{"self":[{"href":"https:\/\/pessoasaddles.com\/es\/wp-json\/wp\/v2\/product\/1227","targetHints":{"allow":["GET"]}}],"collection":[{"href":"https:\/\/pessoasaddles.com\/es\/wp-json\/wp\/v2\/product"}],"about":[{"href":"https:\/\/pessoasaddles.com\/es\/wp-json\/wp\/v2\/types\/product"}],"wp:featuredmedia":[{"embeddable":true,"href":"https:\/\/pessoasaddles.com\/es\/wp-json\/wp\/v2\/media\/876"}],"wp:attachment":[{"href":"https:\/\/pessoasaddles.com\/es\/wp-json\/wp\/v2\/media?parent=1227"}],"curies":[{"name":"wp","href":"https:\/\/api.w.org\/{rel}","templated":true}]}}